{"id":666,"date":"2019-02-25T19:04:13","date_gmt":"2019-02-25T18:04:13","guid":{"rendered":"https:\/\/www.hotelparisjadore.com\/?page_id=666"},"modified":"2023-01-27T14:08:28","modified_gmt":"2023-01-27T13:08:28","slug":"acces","status":"publish","type":"page","link":"https:\/\/www.hotelparisjadore.com\/en\/acces\/","title":{"rendered":"Contact"},"content":{"rendered":"\t\t<div data-elementor-type=\"wp-page\" data-elementor-id=\"666\" class=\"elementor elementor-666 elementor-21\" data-elementor-post-type=\"page\">\n\t\t\t\t\t\t<section class=\"elementor-section elementor-top-section elementor-element elementor-element-97d9a42 elementor-section-boxed elementor-section-height-default elementor-section-height-default wpr-particle-no wpr-jarallax-no wpr-parallax-no wpr-sticky-section-no wpr-equal-height-no\" data-id=\"97d9a42\" data-element_type=\"section\" data-settings=\"{&quot;background_background&quot;:&quot;classic&quot;}\">\n\t\t\t\t\t\t<div class=\"elementor-container elementor-column-gap-default\">\n\t\t\t\t\t<div class=\"elementor-column elementor-col-100 elementor-top-column elementor-element elementor-element-c10d723\" data-id=\"c10d723\" data-element_type=\"column\">\n\t\t\t<div class=\"elementor-widget-wrap elementor-element-populated\">\n\t\t\t\t\t\t<section class=\"elementor-section elementor-inner-section elementor-element elementor-element-6c9b002 elementor-section-boxed elementor-section-height-default elementor-section-height-default wpr-particle-no wpr-jarallax-no wpr-parallax-no wpr-sticky-section-no wpr-equal-height-no\" data-id=\"6c9b002\" data-element_type=\"section\">\n\t\t\t\t\t\t<div class=\"elementor-container elementor-column-gap-default\">\n\t\t\t\t\t<div class=\"elementor-column elementor-col-33 elementor-inner-column elementor-element elementor-element-8492731\" data-id=\"8492731\" data-element_type=\"column\">\n\t\t\t<div class=\"elementor-widget-wrap elementor-element-populated\">\n\t\t\t\t\t\t<div class=\"elementor-element elementor-element-766453f elementor-widget elementor-widget-text-editor\" data-id=\"766453f\" data-element_type=\"widget\" data-widget_type=\"text-editor.default\">\n\t\t\t\t<div class=\"elementor-widget-container\">\n\t\t\t\t\t\t\t\t\t<h3 style=\"font-family: 'Pinyon Script', cursive; font-size: 33px; margin-bottom: 10px;\">Contacts<\/h3><p class=\"texte-contact\">H\u00f4tel Paris j&#8217;Adore<br \/>7 rue Beudant<br \/>75017 Paris<br \/>T\u00e9l : +33 (0)1 53 300 300<br \/>emotions@hotelparisjadore.com<\/p><p class=\"texte-contact\">Restaurant j\u2019Adore !<br \/>7 rue Beudant<br \/>75017 Paris<br \/>+33(0)1 83 81 09 09<br \/>emotions@restaurantjadore.fr<\/p><p class=\"texte-contact\">Le Spa, j\u2019Adore !<br \/>7 rue Beudant<br \/>75017 Paris<br \/>+33(0)1 88 61 03 03<br \/>emotions@lespajadore.fr<\/p><h3 style=\"font-family: 'Pinyon Script', cursive; font-size: 33px; margin-bottom: 10px;\">M\u00e9tro et Bus<\/h3><p class=\"texte-contact\">Line 2 &amp; 3 station \u00ab Villiers \u00bb : 5 min<br \/>Line 30 station \u201cRome Batignolles\u201d: 1 min<br \/>Line 94 \u201c Rome-Batignolles\u201d: 3 min<\/p>\t\t\t\t\t\t\t\t<\/div>\n\t\t\t\t<\/div>\n\t\t\t\t\t<\/div>\n\t\t<\/div>\n\t\t\t\t<div class=\"elementor-column elementor-col-33 elementor-inner-column elementor-element elementor-element-65a1231\" data-id=\"65a1231\" data-element_type=\"column\">\n\t\t\t<div class=\"elementor-widget-wrap elementor-element-populated\">\n\t\t\t\t\t\t<div class=\"elementor-element elementor-element-dc6c6e0 elementor-widget elementor-widget-text-editor\" data-id=\"dc6c6e0\" data-element_type=\"widget\" data-widget_type=\"text-editor.default\">\n\t\t\t\t<div class=\"elementor-widget-container\">\n\t\t\t\t\t\t\t\t\t<h3 style=\"font-family: 'Pinyon Script', cursive; font-size: 33px; margin-bottom: 10px;\">Parking<\/h3><p class=\"texte-contact\">The hotel does not have private parking.<br \/>the nearest car park is Effia at 190m.<\/p><p class=\"texte-contact\">Parking Effia :<br \/>43 bis Boulevard des Batignolles<br \/>75008 Paris<\/p><h3 style=\"font-family: 'Pinyon Script', cursive; font-size: 33px; margin-bottom: 10px;\">Monuments<\/h3><p class=\"texte-contact\">Parc Monceau 5 min by m\u00e9tro<br \/>Montmartre 15 min by m\u00e9tro<br \/>Op\u00e9ra 10 min by m\u00e9tro<br \/>Champs-Elys\u00e9e 10 min by m\u00e9tro<br \/>Printemps\/Galerie Lafayette 10 min by m\u00e9tro<br \/>Louvres 20 min by m\u00e9tro<\/p>\t\t\t\t\t\t\t\t<\/div>\n\t\t\t\t<\/div>\n\t\t\t\t\t<\/div>\n\t\t<\/div>\n\t\t\t\t<div class=\"elementor-column elementor-col-33 elementor-inner-column elementor-element elementor-element-749d0e7\" data-id=\"749d0e7\" data-element_type=\"column\">\n\t\t\t<div class=\"elementor-widget-wrap elementor-element-populated\">\n\t\t\t\t\t\t<div class=\"elementor-element elementor-element-5a6d94c elementor-widget elementor-widget-html\" data-id=\"5a6d94c\" data-element_type=\"widget\" data-widget_type=\"html.default\">\n\t\t\t\t<div class=\"elementor-widget-container\">\n\t\t\t\t\t<iframe width=\"350\" height=\"750\" frameborder=\"0\" scrolling=\"no\" marginheight=\"0\" marginwidth=\"0\" src=\"https:\/\/www.openstreetmap.org\/export\/embed.html?bbox=2.316656112670899%2C48.88129443057147%2C2.321677207946778%2C48.88372852241302&amp;layer=mapnik&amp;marker=48.88251149130038%2C2.319166660308838\" style=\"border: 1px solid black\"><\/iframe><br\/><small><a href=\"https:\/\/www.openstreetmap.org\/?mlat=48.88251&amp;mlon=2.31917#map=18\/48.88251\/2.31917\" target=\"_blank\">Afficher une carte plus grande<\/a><\/small>\t\t\t\t<\/div>\n\t\t\t\t<\/div>\n\t\t\t\t\t<\/div>\n\t\t<\/div>\n\t\t\t\t\t<\/div>\n\t\t<\/section>\n\t\t\t\t\t<\/div>\n\t\t<\/div>\n\t\t\t\t\t<\/div>\n\t\t<\/section>\n\t\t\t\t<\/div>\n\t\t","protected":false},"excerpt":{"rendered":"<p>Contacts H\u00f4tel Paris j&#8217;Adore 7 rue Beudant 75017 Paris T\u00e9l : +33 (0)1 53 300 300 emotions@hotelparisjadore.com Restaurant j\u2019Adore ! 7 rue Beudant 75017 Paris +33(0)1 83 81 09 09 emotions@restaurantjadore.fr Le Spa, j\u2019Adore ! 7 rue Beudant 75017 Paris +33(0)1 88 61 03 03 emotions@lespajadore.fr M\u00e9tro et Bus Line 2 &amp; 3 station \u00ab Villiers \u00bb : 5 min Line 30 station \u201cRome Batignolles\u201d: 1 min Line 94 \u201c Rome-Batignolles\u201d: 3 min Parking The hotel does not have private parking. the nearest car park is Effia at 190m. Parking Effia : 43 bis Boulevard des Batignolles 75008 Paris Monuments Parc Monceau 5 min by m\u00e9tro Montmartre 15 min by m\u00e9tro Op\u00e9ra 10 min by m\u00e9tro Champs-Elys\u00e9e 10 min by m\u00e9tro Printemps\/Galerie Lafayette 10 min by m\u00e9tro Louvres 20 min by m\u00e9tro Afficher une carte plus grande<\/p>\n","protected":false},"author":1,"featured_media":0,"parent":0,"menu_order":0,"comment_status":"closed","ping_status":"closed","template":"","meta":{"footnotes":""},"class_list":["post-666","page","type-page","status-publish","hentry"],"_links":{"self":[{"href":"https:\/\/www.hotelparisjadore.com\/en\/wp-json\/wp\/v2\/pages\/666","targetHints":{"allow":["GET"]}}],"collection":[{"href":"https:\/\/www.hotelparisjadore.com\/en\/wp-json\/wp\/v2\/pages"}],"about":[{"href":"https:\/\/www.hotelparisjadore.com\/en\/wp-json\/wp\/v2\/types\/page"}],"author":[{"embeddable":true,"href":"https:\/\/www.hotelparisjadore.com\/en\/wp-json\/wp\/v2\/users\/1"}],"replies":[{"embeddable":true,"href":"https:\/\/www.hotelparisjadore.com\/en\/wp-json\/wp\/v2\/comments?post=666"}],"version-history":[{"count":22,"href":"https:\/\/www.hotelparisjadore.com\/en\/wp-json\/wp\/v2\/pages\/666\/revisions"}],"predecessor-version":[{"id":8583,"href":"https:\/\/www.hotelparisjadore.com\/en\/wp-json\/wp\/v2\/pages\/666\/revisions\/8583"}],"wp:attachment":[{"href":"https:\/\/www.hotelparisjadore.com\/en\/wp-json\/wp\/v2\/media?parent=666"}],"curies":[{"name":"wp","href":"https:\/\/api.w.org\/{rel}","templated":true}]}}