{"id":22,"date":"2019-07-15T15:59:22","date_gmt":"2019-07-15T13:59:22","guid":{"rendered":"https:\/\/www.hotelparisjadore.com\/blog\/?page_id=22"},"modified":"2024-04-15T11:38:56","modified_gmt":"2024-04-15T09:38:56","slug":"accueil","status":"publish","type":"page","link":"https:\/\/www.hotelparisjadore.com\/blog\/","title":{"rendered":"Accueil"},"content":{"rendered":"","protected":false},"excerpt":{"rendered":"","protected":false},"author":2,"featured_media":0,"parent":0,"menu_order":0,"comment_status":"closed","ping_status":"closed","template":"page-composer.php","meta":{"_ayudawp_aiss_exclude":false,"footnotes":""},"class_list":["post-22","page","type-page","status-publish","hentry","post-item","post-even"],"yoast_head":"<!-- This site is optimized with the Yoast SEO plugin v27.4 - https:\/\/yoast.com\/product\/yoast-seo-wordpress\/ -->\n<title>Blog Paris j&#039;Adore Hotel &amp; Spa. Chambres avec Jacuzzi privatif<\/title>\n<meta name=\"description\" content=\"D\u00e9couvrez le blog du Paris j&#039;Adore Hotel &amp; Spa, un h\u00f4tel romantique \u00e0 Paris. L&#039;h\u00f4tel le plus domotis\u00e9 au monde.\" \/>\n<meta name=\"robots\" content=\"index, follow, max-snippet:-1, max-image-preview:large, max-video-preview:-1\" \/>\n<link rel=\"canonical\" href=\"https:\/\/www.hotelparisjadore.com\/blog\/\" \/>\n<meta property=\"og:locale\" content=\"fr_FR\" \/>\n<meta property=\"og:type\" content=\"article\" \/>\n<meta property=\"og:title\" content=\"Blog Paris j&#039;Adore Hotel &amp; Spa. Chambres avec Jacuzzi privatif\" \/>\n<meta property=\"og:description\" content=\"D\u00e9couvrez le blog du Paris j&#039;Adore Hotel &amp; Spa, un h\u00f4tel romantique \u00e0 Paris. L&#039;h\u00f4tel le plus domotis\u00e9 au monde.\" \/>\n<meta property=\"og:url\" content=\"https:\/\/www.hotelparisjadore.com\/blog\/\" \/>\n<meta property=\"og:site_name\" content=\"Blog Hotel Paris j&#039;Adore H\u00f4tel &amp; Spa\" \/>\n<meta property=\"article:publisher\" content=\"https:\/\/www.facebook.com\/hotelparisjadore\/\" \/>\n<meta property=\"article:modified_time\" content=\"2024-04-15T09:38:56+00:00\" \/>\n<meta name=\"twitter:card\" content=\"summary_large_image\" \/>\n<script type=\"application\/ld+json\" class=\"yoast-schema-graph\">{\"@context\":\"https:\\\/\\\/schema.org\",\"@graph\":[{\"@type\":\"WebPage\",\"@id\":\"https:\\\/\\\/www.hotelparisjadore.com\\\/blog\\\/\",\"url\":\"https:\\\/\\\/www.hotelparisjadore.com\\\/blog\\\/\",\"name\":\"Blog Paris j'Adore Hotel & Spa. Chambres avec Jacuzzi privatif\",\"isPartOf\":{\"@id\":\"https:\\\/\\\/www.hotelparisjadore.com\\\/blog\\\/#website\"},\"datePublished\":\"2019-07-15T13:59:22+00:00\",\"dateModified\":\"2024-04-15T09:38:56+00:00\",\"description\":\"D\u00e9couvrez le blog du Paris j'Adore Hotel & Spa, un h\u00f4tel romantique \u00e0 Paris. L'h\u00f4tel le plus domotis\u00e9 au monde.\",\"breadcrumb\":{\"@id\":\"https:\\\/\\\/www.hotelparisjadore.com\\\/blog\\\/#breadcrumb\"},\"inLanguage\":\"fr-FR\",\"potentialAction\":[{\"@type\":\"ReadAction\",\"target\":[\"https:\\\/\\\/www.hotelparisjadore.com\\\/blog\\\/\"]}]},{\"@type\":\"BreadcrumbList\",\"@id\":\"https:\\\/\\\/www.hotelparisjadore.com\\\/blog\\\/#breadcrumb\",\"itemListElement\":[{\"@type\":\"ListItem\",\"position\":1,\"name\":\"Accueil\",\"item\":\"https:\\\/\\\/www.hotelparisjadore.com\\\/blog\\\/\"},{\"@type\":\"ListItem\",\"position\":2,\"name\":\"Accueil\"}]},{\"@type\":\"WebSite\",\"@id\":\"https:\\\/\\\/www.hotelparisjadore.com\\\/blog\\\/#website\",\"url\":\"https:\\\/\\\/www.hotelparisjadore.com\\\/blog\\\/\",\"name\":\"Blog Hotel Paris j'Adore H\u00f4tel & Spa\",\"description\":\"Pleasure is the ultimate rebellion\",\"publisher\":{\"@id\":\"https:\\\/\\\/www.hotelparisjadore.com\\\/blog\\\/#organization\"},\"potentialAction\":[{\"@type\":\"SearchAction\",\"target\":{\"@type\":\"EntryPoint\",\"urlTemplate\":\"https:\\\/\\\/www.hotelparisjadore.com\\\/blog\\\/?s={search_term_string}\"},\"query-input\":{\"@type\":\"PropertyValueSpecification\",\"valueRequired\":true,\"valueName\":\"search_term_string\"}}],\"inLanguage\":\"fr-FR\"},{\"@type\":\"Organization\",\"@id\":\"https:\\\/\\\/www.hotelparisjadore.com\\\/blog\\\/#organization\",\"name\":\"Blog Hotel Paris j'Adore H\u00f4tel & Spa\",\"url\":\"https:\\\/\\\/www.hotelparisjadore.com\\\/blog\\\/\",\"logo\":{\"@type\":\"ImageObject\",\"inLanguage\":\"fr-FR\",\"@id\":\"https:\\\/\\\/www.hotelparisjadore.com\\\/blog\\\/#\\\/schema\\\/logo\\\/image\\\/\",\"url\":\"https:\\\/\\\/www.hotelparisjadore.com\\\/blog\\\/wp-content\\\/uploads\\\/2024\\\/04\\\/Unknown.png\",\"contentUrl\":\"https:\\\/\\\/www.hotelparisjadore.com\\\/blog\\\/wp-content\\\/uploads\\\/2024\\\/04\\\/Unknown.png\",\"width\":204,\"height\":192,\"caption\":\"Blog Hotel Paris j'Adore H\u00f4tel & Spa\"},\"image\":{\"@id\":\"https:\\\/\\\/www.hotelparisjadore.com\\\/blog\\\/#\\\/schema\\\/logo\\\/image\\\/\"},\"sameAs\":[\"https:\\\/\\\/www.facebook.com\\\/hotelparisjadore\\\/\",\"https:\\\/\\\/www.instagram.com\\\/hotelparisjadore\\\/?hl=fr\"]}]}<\/script>\n<!-- \/ Yoast SEO plugin. -->","yoast_head_json":{"title":"Blog Paris j'Adore Hotel & Spa. Chambres avec Jacuzzi privatif","description":"D\u00e9couvrez le blog du Paris j'Adore Hotel & Spa, un h\u00f4tel romantique \u00e0 Paris. L'h\u00f4tel le plus domotis\u00e9 au monde.","robots":{"index":"index","follow":"follow","max-snippet":"max-snippet:-1","max-image-preview":"max-image-preview:large","max-video-preview":"max-video-preview:-1"},"canonical":"https:\/\/www.hotelparisjadore.com\/blog\/","og_locale":"fr_FR","og_type":"article","og_title":"Blog Paris j'Adore Hotel & Spa. Chambres avec Jacuzzi privatif","og_description":"D\u00e9couvrez le blog du Paris j'Adore Hotel & Spa, un h\u00f4tel romantique \u00e0 Paris. L'h\u00f4tel le plus domotis\u00e9 au monde.","og_url":"https:\/\/www.hotelparisjadore.com\/blog\/","og_site_name":"Blog Hotel Paris j&#039;Adore H\u00f4tel &amp; Spa","article_publisher":"https:\/\/www.facebook.com\/hotelparisjadore\/","article_modified_time":"2024-04-15T09:38:56+00:00","twitter_card":"summary_large_image","schema":{"@context":"https:\/\/schema.org","@graph":[{"@type":"WebPage","@id":"https:\/\/www.hotelparisjadore.com\/blog\/","url":"https:\/\/www.hotelparisjadore.com\/blog\/","name":"Blog Paris j'Adore Hotel & Spa. Chambres avec Jacuzzi privatif","isPartOf":{"@id":"https:\/\/www.hotelparisjadore.com\/blog\/#website"},"datePublished":"2019-07-15T13:59:22+00:00","dateModified":"2024-04-15T09:38:56+00:00","description":"D\u00e9couvrez le blog du Paris j'Adore Hotel & Spa, un h\u00f4tel romantique \u00e0 Paris. L'h\u00f4tel le plus domotis\u00e9 au monde.","breadcrumb":{"@id":"https:\/\/www.hotelparisjadore.com\/blog\/#breadcrumb"},"inLanguage":"fr-FR","potentialAction":[{"@type":"ReadAction","target":["https:\/\/www.hotelparisjadore.com\/blog\/"]}]},{"@type":"BreadcrumbList","@id":"https:\/\/www.hotelparisjadore.com\/blog\/#breadcrumb","itemListElement":[{"@type":"ListItem","position":1,"name":"Accueil","item":"https:\/\/www.hotelparisjadore.com\/blog\/"},{"@type":"ListItem","position":2,"name":"Accueil"}]},{"@type":"WebSite","@id":"https:\/\/www.hotelparisjadore.com\/blog\/#website","url":"https:\/\/www.hotelparisjadore.com\/blog\/","name":"Blog Hotel Paris j'Adore H\u00f4tel & Spa","description":"Pleasure is the ultimate rebellion","publisher":{"@id":"https:\/\/www.hotelparisjadore.com\/blog\/#organization"},"potentialAction":[{"@type":"SearchAction","target":{"@type":"EntryPoint","urlTemplate":"https:\/\/www.hotelparisjadore.com\/blog\/?s={search_term_string}"},"query-input":{"@type":"PropertyValueSpecification","valueRequired":true,"valueName":"search_term_string"}}],"inLanguage":"fr-FR"},{"@type":"Organization","@id":"https:\/\/www.hotelparisjadore.com\/blog\/#organization","name":"Blog Hotel Paris j'Adore H\u00f4tel & Spa","url":"https:\/\/www.hotelparisjadore.com\/blog\/","logo":{"@type":"ImageObject","inLanguage":"fr-FR","@id":"https:\/\/www.hotelparisjadore.com\/blog\/#\/schema\/logo\/image\/","url":"https:\/\/www.hotelparisjadore.com\/blog\/wp-content\/uploads\/2024\/04\/Unknown.png","contentUrl":"https:\/\/www.hotelparisjadore.com\/blog\/wp-content\/uploads\/2024\/04\/Unknown.png","width":204,"height":192,"caption":"Blog Hotel Paris j'Adore H\u00f4tel & Spa"},"image":{"@id":"https:\/\/www.hotelparisjadore.com\/blog\/#\/schema\/logo\/image\/"},"sameAs":["https:\/\/www.facebook.com\/hotelparisjadore\/","https:\/\/www.instagram.com\/hotelparisjadore\/?hl=fr"]}]}},"_links":{"self":[{"href":"https:\/\/www.hotelparisjadore.com\/blog\/wp-json\/wp\/v2\/pages\/22","targetHints":{"allow":["GET"]}}],"collection":[{"href":"https:\/\/www.hotelparisjadore.com\/blog\/wp-json\/wp\/v2\/pages"}],"about":[{"href":"https:\/\/www.hotelparisjadore.com\/blog\/wp-json\/wp\/v2\/types\/page"}],"author":[{"embeddable":true,"href":"https:\/\/www.hotelparisjadore.com\/blog\/wp-json\/wp\/v2\/users\/2"}],"replies":[{"embeddable":true,"href":"https:\/\/www.hotelparisjadore.com\/blog\/wp-json\/wp\/v2\/comments?post=22"}],"version-history":[{"count":23,"href":"https:\/\/www.hotelparisjadore.com\/blog\/wp-json\/wp\/v2\/pages\/22\/revisions"}],"predecessor-version":[{"id":707,"href":"https:\/\/www.hotelparisjadore.com\/blog\/wp-json\/wp\/v2\/pages\/22\/revisions\/707"}],"wp:attachment":[{"href":"https:\/\/www.hotelparisjadore.com\/blog\/wp-json\/wp\/v2\/media?parent=22"}],"curies":[{"name":"wp","href":"https:\/\/api.w.org\/{rel}","templated":true}]}}